{"id":23,"date":"2026-01-20T18:13:58","date_gmt":"2026-01-20T18:13:58","guid":{"rendered":"https:\/\/divi.maxcare.pl\/?page_id=23"},"modified":"2026-01-20T18:13:58","modified_gmt":"2026-01-20T18:13:58","slug":"blog","status":"publish","type":"page","link":"https:\/\/divi.maxcare.pl\/index.php\/blog\/","title":{"rendered":"Blog"},"content":{"rendered":"<div class=\"et_pb_section_0 et_pb_section et_section_regular et_block_section et_pb_section_parallax preset--module--divi-section--bf613b5f-a3b8-4727-b4f6-2a1bf08f7f6f\"><span class=\"et-pb-parallax-wrapper\"><span class=\"et-pb-parallax-background et-pb-parallax-background-module--divi-section-0\" style=\"background-image:url(https:\/\/divi.maxcare.pl\/wp-content\/uploads\/2026\/01\/meetup-05-2.jpg)\"><\/span><span class=\"et_parallax_gradient\" style=\"background-image:linear-gradient(140deg, #ffffff 0%,rgba(255,255,255,0.5) 99% 100%);mix-blend-mode:true\"><\/span><\/span><span class=\"et_pb_background_pattern\"><\/span><div class=\"et_pb_row_0 et_pb_row et_block_row\"><div class=\"et_pb_column_0 et_pb_column et_pb_column_4_4 et-last-child et_block_column et_pb_css_mix_blend_mode_passthrough\"><div class=\"et_pb_heading_0 et_pb_heading et_pb_module et_flex_module preset--module--divi-heading--00602388-c1d1-402f-82b5-030b21db1b49\"><div class=\"et_pb_heading_container\"><h1 class=\"et_pb_module_header\">News &#038; Resources<\/h1><\/div><\/div><div class=\"et_pb_heading_1 et_pb_heading et_pb_module et_flex_module preset--module--divi-heading--5115f630-dd7b-482d-8b47-6d7050447f61\"><div class=\"et_pb_heading_container\"><h4 class=\"et_pb_module_header\">Event Blog &#038; Archives<\/h4><\/div><\/div><div class=\"et_pb_text_0 et_pb_text et_pb_bg_layout_light et_pb_module et_flex_module preset--module--divi-text--55392b62-fb8d-42ca-b62e-338c565edb5a\"><div class=\"et_pb_text_inner\"><p>Stay updated with all the latest news, insights, and highlights from our Divi event. Here, you&#8217;ll find in-depth articles, speaker spotlights, behind-the-scenes stories, and tips to help you make the most of your Divi experience.<\/p>\n<\/div><\/div><div class=\"et_pb_module et_pb_button_module_wrapper et_pb_button_0_wrapper\"><a class=\"et_pb_button_0 et_pb_button et_pb_bg_layout_light et_pb_module et_flex_module\" href=\"\">Join Our Newsletter<\/a><\/div><\/div><\/div><\/div><div class=\"et_pb_section_1 et_pb_section et_section_regular et_block_section\"><div class=\"et_pb_row_1 et_pb_row et_block_row\"><div class=\"et_pb_column_1 et_pb_column et_pb_column_4_4 et-last-child et_block_column et_pb_css_mix_blend_mode_passthrough\"><div class=\"et_pb_divider_0 et_pb_divider_hidden et_pb_space et_pb_divider_position_top et_pb_module preset--module--divi-divider--1ead0848-bf98-4dd8-ae4f-ea7d01f5fd36\"><div class=\"et_pb_divider_internal\"><\/div><\/div><div class=\"et_pb_post_slider_0 et_pb_post_slider et_pb_bg_layout_dark et_pb_slider et_pb_slider_fullwidth_off et_pb_post_slider_image_background et_pb_slider_with_overlay et_pb_module et_flex_module preset--module--divi-post-slider--0e41e752-c50b-4434-85a7-7718e8edcd51\"><div class=\"et_pb_slides\"><div class=\"et_pb_slide et_pb_slide_with_no_image et_pb_post_slide-1\" style=\"background-image:\"><div class=\"et_pb_slide_overlay_container\"><\/div><div class=\"et_pb_container clearfix\"><div class=\"et_pb_slider_container_inner\"><div class=\"et_pb_slide_description\"><h2 class=\"et_pb_slide_title\"><a href=\"https:\/\/divi.maxcare.pl\/index.php\/2025\/12\/29\/hello-world\/\">Hello world!<\/a><\/h2><div class=\"et_pb_slide_content\"><p class=\"post-meta\">przez <span class=\"author vcard\"><a href=\"https:\/\/divi.maxcare.pl\/index.php\/author\/admin\/\" title=\"Posts by admin\" rel=\"author\">admin<\/a><\/span> | <span class=\"published\">29 grudnia, 2025<\/span> | <a href=\"https:\/\/divi.maxcare.pl\/index.php\/category\/uncategorized\/\" rel=\"category tag\">Uncategorized<\/a> | 1 Comment<\/p><div class=\"et_pb_slide_content_body\"><p>Welcome to WordPress. This is your first post. Edit or delete it, then start writing!<\/p>\n<\/div><\/div><div class=\"et_pb_button_wrapper\"><a class=\"et_pb_button et_pb_more_button\" href=\"https:\/\/divi.maxcare.pl\/index.php\/2025\/12\/29\/hello-world\/\">Read More<\/a><\/div><\/div><\/div><\/div><\/div><\/div><\/div><div class=\"et_pb_blog_0 et_pb_blog et_pb_bg_layout_light et_pb_posts et_pb_module preset--module--divi-blog--fc00dfac-3859-4a54-9540-2ebb3deb227d\"><div class=\"entry\">\n\t<h1 class=\"not-found-title\">Nie znaleziono \u017cadnych wynik\u00f3w<\/h1>\n\t<p>Nie znaleziono szukanej strony. Prosz\u0119 spr\u00f3bowa\u0107 innej definicji wyszukiwania lub zlokalizowa\u0107 wpis przy u\u017cyciu nawigacji powy\u017cej.<\/p>\n<\/div>\n<\/div><\/div><\/div><\/div><div class=\"et_pb_section_2 et_pb_section et_section_regular et_block_section\"><div class=\"et_pb_row_2 et_pb_row et_block_row\"><div class=\"et_pb_column_2 et_pb_column et_pb_column_4_4 et-last-child et_block_column et_pb_css_mix_blend_mode_passthrough\"><div class=\"et_pb_signup_0 et_pb_signup et_pb_newsletter et_pb_subscribe et_pb_no_bg et_pb_newsletter_description_no_content et_pb_bg_layout_light et_pb_module et_flex_module preset--module--divi-signup--58688027-ae43-4c10-9e81-c7d5fcb51975\"><div class=\"et_pb_newsletter_description\"><h2 class=\"et_pb_module_header\">Stay In the Loop!<\/h2><\/div><div class=\"et_pb_newsletter_form\"><form method=\"post\" class=\"\"><div class=\"et_pb_newsletter_result et_pb_newsletter_error\"><\/div><div class=\"et_pb_newsletter_result et_pb_newsletter_success\"><h2>Success!<\/h2><\/div><div class=\"et_pb_newsletter_fields et_flex_module\"><p class=\"et_pb_newsletter_field et_pb_contact_field_last et_pb_contact_field_last_tablet et_pb_contact_field_last_phone\"><label class=\"et_pb_contact_form_label\" for=\"et_pb_signup_email\" style=\"display: none;\">E-mail<\/label><input class=\"input\" id=\"et_pb_signup_email\" type=\"text\" placeholder=\"E-mail\" name=\"et_pb_signup_email\" \/><\/p><p class=\"et_pb_newsletter_button_wrap\"><a class=\"et_pb_button et_pb_newsletter_button\" href=\"#\"><span class=\"et_subscribe_loader\"><\/span><span class=\"et_pb_newsletter_button_text\">Subscribe<\/span><\/a><\/p><\/div><input type=\"hidden\" name=\"et_pb_signup_provider\" value=\"mailchimp\" \/><input type=\"hidden\" name=\"et_pb_signup_list_id\" value=\"efef5f8505\" \/><input type=\"hidden\" name=\"et_pb_signup_account_name\" value=\"SlavaET\" \/><input type=\"hidden\" name=\"et_pb_signup_ip_address\" value=\"true\" \/><input type=\"hidden\" name=\"et_pb_signup_checksum\" value=\"e1167ce2b4915b5a4e5f1b78e2cb1bc5\" \/><\/form><\/div><\/div><\/div><\/div><\/div>","protected":false},"excerpt":{"rendered":"","protected":false},"author":1,"featured_media":0,"parent":0,"menu_order":0,"comment_status":"closed","ping_status":"closed","template":"","meta":{"footnotes":""},"class_list":["post-23","page","type-page","status-publish","hentry"],"_links":{"self":[{"href":"https:\/\/divi.maxcare.pl\/index.php\/wp-json\/wp\/v2\/pages\/23","targetHints":{"allow":["GET"]}}],"collection":[{"href":"https:\/\/divi.maxcare.pl\/index.php\/wp-json\/wp\/v2\/pages"}],"about":[{"href":"https:\/\/divi.maxcare.pl\/index.php\/wp-json\/wp\/v2\/types\/page"}],"author":[{"embeddable":true,"href":"https:\/\/divi.maxcare.pl\/index.php\/wp-json\/wp\/v2\/users\/1"}],"replies":[{"embeddable":true,"href":"https:\/\/divi.maxcare.pl\/index.php\/wp-json\/wp\/v2\/comments?post=23"}],"version-history":[{"count":1,"href":"https:\/\/divi.maxcare.pl\/index.php\/wp-json\/wp\/v2\/pages\/23\/revisions"}],"predecessor-version":[{"id":37,"href":"https:\/\/divi.maxcare.pl\/index.php\/wp-json\/wp\/v2\/pages\/23\/revisions\/37"}],"wp:attachment":[{"href":"https:\/\/divi.maxcare.pl\/index.php\/wp-json\/wp\/v2\/media?parent=23"}],"curies":[{"name":"wp","href":"https:\/\/api.w.org\/{rel}","templated":true}]}}